{"id":215,"date":"2022-08-31T05:00:25","date_gmt":"2022-08-31T03:00:25","guid":{"rendered":"http:\/\/import.themovation.com\/embark\/river-rafting\/?page_id=163"},"modified":"2022-09-24T15:18:50","modified_gmt":"2022-09-24T13:18:50","slug":"referenzen","status":"publish","type":"page","link":"https:\/\/it-xperts.gmbh\/home\/referenzen\/","title":{"rendered":"Referenzen"},"content":{"rendered":"\t\t<div data-elementor-type=\"wp-post\" data-elementor-id=\"215\" class=\"elementor elementor-215\">\n\t\t\t\t\t\t<div class=\"elementor-inner\">\n\t\t\t\t<div class=\"elementor-section-wrap\">\n\t\t\t\t\t\t\t\t\t<section class=\"elementor-section elementor-top-section elementor-element elementor-element-axm2p4l elementor-section-height-min-height elementor-section-boxed elementor-section-height-default elementor-section-items-middle\" data-id=\"axm2p4l\" data-element_type=\"section\" data-settings=\"{&quot;background_background&quot;:&quot;gradient&quot;}\">\n\t\t\t\t\t\t\t<div class=\"elementor-background-overlay\"><\/div>\n\t\t\t\t\t\t\t<div class=\"elementor-container elementor-column-gap-default\">\n\t\t\t\t\t\t\t<div class=\"elementor-row\">\n\t\t\t\t\t<div class=\"elementor-column elementor-col-100 elementor-top-column elementor-element elementor-element-eg989yn\" data-id=\"eg989yn\" data-element_type=\"column\">\n\t\t\t<div class=\"elementor-column-wrap elementor-element-populated\">\n\t\t\t\t\t\t\t<div class=\"elementor-widget-wrap\">\n\t\t\t\t\t\t<div class=\"elementor-element elementor-element-dy8ht18 elementor-widget elementor-widget-spacer\" data-id=\"dy8ht18\" data-element_type=\"widget\" data-widget_type=\"spacer.default\">\n\t\t\t\t<div class=\"elementor-widget-container\">\n\t\t\t\t\t<div class=\"elementor-spacer\">\n\t\t\t<div class=\"elementor-spacer-inner\"><\/div>\n\t\t<\/div>\n\t\t\t\t<\/div>\n\t\t\t\t<\/div>\n\t\t\t\t<div class=\"elementor-element elementor-element-6e0rano elementor-view-default elementor-position-top elementor-widget elementor-widget-themo-header\" data-id=\"6e0rano\" data-element_type=\"widget\" data-widget_type=\"themo-header.default\">\n\t\t\t\t<div class=\"elementor-widget-container\">\n\t\t\t\t\t<div class=\"th-header-wrap\">\n        <div class=\"elementor-icon-box-wrapper \">\n                            <div class=\"elementor-icon-box-content\">\n                    <h1 class=\"elementor-icon-box-title\">\n                        Vertrauen\/Referenzen                    <\/h1>\n                                        <p class=\"elementor-icon-box-description\">Ohne Vertrauen keine Wertsch\u00f6pfung.<\/p>\n\n                                    <\/div>\n            <\/div>\n\n        <\/div>\n\n\t\t\t\t<\/div>\n\t\t\t\t<\/div>\n\t\t\t\t\t\t<\/div>\n\t\t\t\t\t<\/div>\n\t\t<\/div>\n\t\t\t\t\t\t\t\t<\/div>\n\t\t\t\t\t<\/div>\n\t\t<\/section>\n\t\t\t\t<section class=\"elementor-section elementor-top-section elementor-element elementor-element-vkt1dv8 elementor-section-boxed elementor-section-height-default elementor-section-height-default\" data-id=\"vkt1dv8\" data-element_type=\"section\">\n\t\t\t\t\t\t<div class=\"elementor-container elementor-column-gap-default\">\n\t\t\t\t\t\t\t<div class=\"elementor-row\">\n\t\t\t\t\t<div class=\"elementor-column elementor-col-100 elementor-top-column elementor-element elementor-element-xo5h9bj\" data-id=\"xo5h9bj\" data-element_type=\"column\">\n\t\t\t<div class=\"elementor-column-wrap elementor-element-populated\">\n\t\t\t\t\t\t\t<div class=\"elementor-widget-wrap\">\n\t\t\t\t\t\t<div class=\"elementor-element elementor-element-h6bnfn5 elementor-widget elementor-widget-spacer\" data-id=\"h6bnfn5\" data-element_type=\"widget\" data-widget_type=\"spacer.default\">\n\t\t\t\t<div class=\"elementor-widget-container\">\n\t\t\t\t\t<div class=\"elementor-spacer\">\n\t\t\t<div class=\"elementor-spacer-inner\"><\/div>\n\t\t<\/div>\n\t\t\t\t<\/div>\n\t\t\t\t<\/div>\n\t\t\t\t<div class=\"elementor-element elementor-element-j81sio5 elementor-widget elementor-widget-themo-blog\" data-id=\"j81sio5\" data-element_type=\"widget\" data-widget_type=\"themo-blog.default\">\n\t\t\t\t<div class=\"elementor-widget-container\">\n\t\t\t\n                                <section class=\"th-masonry-blog th-blog-3-col\">\n\n                        <div class=\"mas-blog row\">\n                            <div class=\"mas-blog-post-sizer col-sm-6 col-md-4\"><\/div>\n                                                                                            <div class=\"mas-blog-post col-sm-6 col-md-4 post-873 post type-post status-publish format-standard has-post-thumbnail hentry category-uncategorized\">\n                                        \t\t<a href=\"https:\/\/it-xperts.gmbh\/home\/2023\/01\/10\/referenz-ib-automatisierung-vertrieb\/\">\n\t\t\t<img loading=\"lazy\" decoding=\"async\" width=\"394\" height=\"110\" src=\"https:\/\/it-xperts.gmbh\/wp-content\/uploads\/2023\/01\/EFRE_REACT-EU_signetpaar_4c_print-394x110.jpg\" class=\"img-responsive wp-post-image\" alt=\"\" srcset=\"https:\/\/it-xperts.gmbh\/wp-content\/uploads\/2023\/01\/EFRE_REACT-EU_signetpaar_4c_print-394x110.jpg 394w, https:\/\/it-xperts.gmbh\/wp-content\/uploads\/2023\/01\/EFRE_REACT-EU_signetpaar_4c_print-300x84.jpg 300w, https:\/\/it-xperts.gmbh\/wp-content\/uploads\/2023\/01\/EFRE_REACT-EU_signetpaar_4c_print-1024x286.jpg 1024w, https:\/\/it-xperts.gmbh\/wp-content\/uploads\/2023\/01\/EFRE_REACT-EU_signetpaar_4c_print-768x214.jpg 768w, https:\/\/it-xperts.gmbh\/wp-content\/uploads\/2023\/01\/EFRE_REACT-EU_signetpaar_4c_print-358x100.jpg 358w, https:\/\/it-xperts.gmbh\/wp-content\/uploads\/2023\/01\/EFRE_REACT-EU_signetpaar_4c_print-286x80.jpg 286w, https:\/\/it-xperts.gmbh\/wp-content\/uploads\/2023\/01\/EFRE_REACT-EU_signetpaar_4c_print-915x256.jpg 915w, https:\/\/it-xperts.gmbh\/wp-content\/uploads\/2023\/01\/EFRE_REACT-EU_signetpaar_4c_print-1240x346.jpg 1240w, https:\/\/it-xperts.gmbh\/wp-content\/uploads\/2023\/01\/EFRE_REACT-EU_signetpaar_4c_print.jpg 1436w\" sizes=\"auto, (max-width: 394px) 100vw, 394px\" \/>    \t<\/a>\n    <div class=\"post-inner\">\n\n        <h3 class=\"post-title\"><a href=\"https:\/\/it-xperts.gmbh\/home\/2023\/01\/10\/referenz-ib-automatisierung-vertrieb\/\">Digitalisierung und Optimierung des Vertriebs der IT-xPerts.GmbH | Investitionsbank Sachsen-Anhalt<\/a><\/h3>\n    \t<div class=\"post-meta\">\n\t<span class=\"show-author\">Posted by <a href=\"https:\/\/it-xperts.gmbh\/home\/author\/wpadmin\/\" title=\"Beitr\u00e4ge von wpadmin\" rel=\"author\">wpadmin<\/a><\/span> <span class=\"show-comments\">| <a href=\"https:\/\/it-xperts.gmbh\/home\/2023\/01\/10\/referenz-ib-automatisierung-vertrieb\/#respond\">No Comments<\/a><\/span>\n<\/div>\n\t            \t<div class=\"entry-content post-excerpt\">\n\t\t\t\t\t<p>&#8222;Der automatisierte Weg zur Kundengewinnung&#8220; Das Unternehmen IT-xPerts GmbH f\u00fchrt im Zeitraum vom 01.02.2022 bis 31.01.2023 ein Digitalisierungsprojekt durch. In diesem Projekt wird die Vertriebsstrategie durch gezielte Marketingaktivit\u00e4ten spezialisiert, was f\u00fcr eine Optimierung im Bereich der Kundengewinnung sorgt. Das Projekt &hellip; <a href=\"https:\/\/it-xperts.gmbh\/home\/2023\/01\/10\/referenz-ib-automatisierung-vertrieb\/\">Read More<\/a><\/p>\n                <\/div>\n\t\t\t\t<div class=\"date-meta\">\n    <i class=\"xs-icon fa fa-calendar-o\"><\/i>\n    <time class=\"published\" datetime=\"2023-01-10T13:26:44+01:00\">10. Januar 2023<\/time>\n    <span class=\"is-sticky\">Featured Post<\/span>\n<\/div><\/div>\n                                <\/div>\n\n                                                                                            <div class=\"mas-blog-post col-sm-6 col-md-4 post-148 post type-post status-publish format-quote has-post-thumbnail hentry category-password-safe post_format-post-format-quote\">\n                                    <div class=\"post-inner\">\n        <blockquote><p>Art is the only serious thing in the world. And the artist is the only person who is never serious.<\/p><footer>Oscar Wilde<\/footer><\/blockquote>\t<div class=\"date-meta\">\n    <i class=\"xs-icon fa fa-calendar-o\"><\/i>\n    <time class=\"published\" datetime=\"2022-05-03T20:53:30+02:00\">3. Mai 2022<\/time>\n    <span class=\"is-sticky\">Featured Post<\/span>\n<\/div><\/div>\n                                <\/div>\n\n                                                                                            <div class=\"mas-blog-post col-sm-6 col-md-4 post-147 post type-post status-publish format-video hentry category-access-rights-manager category-arm post_format-post-format-video\">\n                                    \n<div class=\"post-inner\">\n\t    <h3 class=\"post-title\"><a href=\"https:\/\/it-xperts.gmbh\/home\/2022\/03\/05\/referenz-bfw-berlin-brandenburg\/\">Referenz BfW Berlin Brandenburg | Uwe Fengler IT-Leiter<\/a><\/h3>\n        <div class=\"post-meta\">\n\t<span class=\"show-author\">Posted by <a href=\"https:\/\/it-xperts.gmbh\/home\/author\/wpadmin\/\" title=\"Beitr\u00e4ge von wpadmin\" rel=\"author\">wpadmin<\/a><\/span> <span class=\"show-comments\">| <a href=\"https:\/\/it-xperts.gmbh\/home\/2022\/03\/05\/referenz-bfw-berlin-brandenburg\/#respond\">No Comments<\/a><\/span>\n<\/div>\n                 \t<div class=\"entry-content post-excerpt\">\n\t\t\t\t\t<p>Mit dem Produkt 8MAN und den Consulting Dienstleistungen der IT-xPerts.GmbH sind wir vollst\u00e4ndig zufrieden.<\/p>\n                <\/div>\n\t\t\t\t<div class=\"date-meta\">\n    <i class=\"xs-icon fa fa-calendar-o\"><\/i>\n    <time class=\"published\" datetime=\"2022-03-05T20:03:28+01:00\">5. M\u00e4rz 2022<\/time>\n    <span class=\"is-sticky\">Featured Post<\/span>\n<\/div><\/div>\n                                <\/div>\n\n                                                                                            <div class=\"mas-blog-post col-sm-6 col-md-4 post-153 post type-post status-publish format-standard has-post-thumbnail sticky hentry category-access-rights-manager category-arm tag-berechtigungsmanagement\">\n                                        \t\t<a href=\"https:\/\/it-xperts.gmbh\/home\/2022\/03\/02\/referenz-sos-kinderdorf\/\">\n\t\t\t<img loading=\"lazy\" decoding=\"async\" width=\"394\" height=\"104\" src=\"https:\/\/it-xperts.gmbh\/wp-content\/uploads\/2022\/03\/SOS-Kinderdorf-394x104.jpg\" class=\"img-responsive wp-post-image\" alt=\"\" srcset=\"https:\/\/it-xperts.gmbh\/wp-content\/uploads\/2022\/03\/SOS-Kinderdorf-394x104.jpg 394w, https:\/\/it-xperts.gmbh\/wp-content\/uploads\/2022\/03\/SOS-Kinderdorf-300x79.jpg 300w, https:\/\/it-xperts.gmbh\/wp-content\/uploads\/2022\/03\/SOS-Kinderdorf-1024x270.jpg 1024w, https:\/\/it-xperts.gmbh\/wp-content\/uploads\/2022\/03\/SOS-Kinderdorf-768x203.jpg 768w, https:\/\/it-xperts.gmbh\/wp-content\/uploads\/2022\/03\/SOS-Kinderdorf-379x100.jpg 379w, https:\/\/it-xperts.gmbh\/wp-content\/uploads\/2022\/03\/SOS-Kinderdorf-303x80.jpg 303w, https:\/\/it-xperts.gmbh\/wp-content\/uploads\/2022\/03\/SOS-Kinderdorf-915x242.jpg 915w, https:\/\/it-xperts.gmbh\/wp-content\/uploads\/2022\/03\/SOS-Kinderdorf.jpg 1083w\" sizes=\"auto, (max-width: 394px) 100vw, 394px\" \/>    \t<\/a>\n    <div class=\"post-inner\">\n\n        <h3 class=\"post-title\"><a href=\"https:\/\/it-xperts.gmbh\/home\/2022\/03\/02\/referenz-sos-kinderdorf\/\">Referenz | SOS-Kinderdorf e.V. 7000 User<\/a><\/h3>\n    \t<div class=\"post-meta\">\n\t<span class=\"show-author\">Posted by <a href=\"https:\/\/it-xperts.gmbh\/home\/author\/wpadmin\/\" title=\"Beitr\u00e4ge von wpadmin\" rel=\"author\">wpadmin<\/a><\/span> <span class=\"show-comments\">| <a href=\"https:\/\/it-xperts.gmbh\/home\/2022\/03\/02\/referenz-sos-kinderdorf\/#respond\">No Comments<\/a><\/span>\n<\/div>\n\t            \t<div class=\"entry-content post-excerpt\">\n\t\t\t\t\t<p>\u201eDie Zusammenarbeit mit der IT-xPerts.GmbH hat sich f\u00fcr uns wirklich gelohnt. Die Funktionalit\u00e4t von 8MAN\/ARM und das Engagement der IT-xPerts.GmbH haben unser Projekt auch bei ehrgeizigem Zeitrahmen zu einem vollen Erfolg werden lassen.\u201c Christian B\u00f6rner, SOS-Kinderdorf e.V.<\/p>\n                <\/div>\n\t\t\t\t<div class=\"date-meta\">\n    <i class=\"xs-icon fa fa-calendar-o\"><\/i>\n    <time class=\"published\" datetime=\"2022-03-02T04:43:36+01:00\">2. M\u00e4rz 2022<\/time>\n    <span class=\"is-sticky\">Featured Post<\/span>\n<\/div><\/div>\n                                <\/div>\n\n                                                                                            <div class=\"mas-blog-post col-sm-6 col-md-4 post-154 post type-post status-publish format-audio has-post-thumbnail hentry category-access-rights-manager category-arm post_format-post-format-audio\">\n                                    <div class=\"post-inner\">\n    \t\t\t<h3 class=\"post-title\"><a href=\"https:\/\/it-xperts.gmbh\/home\/2018\/12\/01\/referenz-wasserwerke-zwickau-gmbh-400-user\/\">Referenz | Wasserwerke Zwickau GmbH 400 User<\/a><\/h3>\n\t    <div class=\"post-meta\">\n\t<span class=\"show-author\">Posted by <a href=\"https:\/\/it-xperts.gmbh\/home\/author\/wpadmin\/\" title=\"Beitr\u00e4ge von wpadmin\" rel=\"author\">wpadmin<\/a><\/span> <span class=\"show-comments\">| <a href=\"https:\/\/it-xperts.gmbh\/home\/2018\/12\/01\/referenz-wasserwerke-zwickau-gmbh-400-user\/#respond\">No Comments<\/a><\/span>\n<\/div>\n                \t<div class=\"entry-content post-excerpt\">\n\t\t\t\t\t<p>Gerade in &#8222;Kritis&#8220; Bereichen ist die H\u00e4rtung der Infrastruktur unerl\u00e4\u00dflich.<\/p>\n                <\/div>\n\t\t\t    <div class=\"date-meta\">\n    <i class=\"xs-icon fa fa-calendar-o\"><\/i>\n    <time class=\"published\" datetime=\"2018-12-01T00:53:09+01:00\">1. Dezember 2018<\/time>\n    <span class=\"is-sticky\">Featured Post<\/span>\n<\/div><\/div>\n                                <\/div>\n\n                                                                                            <div class=\"mas-blog-post col-sm-6 col-md-4 post-151 post type-post status-publish format-standard has-post-thumbnail sticky hentry category-access-rights-manager\">\n                                        \t\t<a href=\"https:\/\/it-xperts.gmbh\/home\/2017\/03\/02\/referenz-lotto-hessen-200-user\/\">\n\t\t\t<img loading=\"lazy\" decoding=\"async\" width=\"384\" height=\"131\" src=\"https:\/\/it-xperts.gmbh\/wp-content\/uploads\/2017\/03\/lotto-hessen.png\" class=\"img-responsive wp-post-image\" alt=\"\" srcset=\"https:\/\/it-xperts.gmbh\/wp-content\/uploads\/2017\/03\/lotto-hessen.png 384w, https:\/\/it-xperts.gmbh\/wp-content\/uploads\/2017\/03\/lotto-hessen-300x102.png 300w, https:\/\/it-xperts.gmbh\/wp-content\/uploads\/2017\/03\/lotto-hessen-293x100.png 293w, https:\/\/it-xperts.gmbh\/wp-content\/uploads\/2017\/03\/lotto-hessen-235x80.png 235w\" sizes=\"auto, (max-width: 384px) 100vw, 384px\" \/>    \t<\/a>\n    <div class=\"post-inner\">\n\n        <h3 class=\"post-title\"><a href=\"https:\/\/it-xperts.gmbh\/home\/2017\/03\/02\/referenz-lotto-hessen-200-user\/\">Referenz Lotto-Hessen 200 User<\/a><\/h3>\n    \t<div class=\"post-meta\">\n\t<span class=\"show-author\">Posted by <a href=\"https:\/\/it-xperts.gmbh\/home\/author\/wpadmin\/\" title=\"Beitr\u00e4ge von wpadmin\" rel=\"author\">wpadmin<\/a><\/span> <span class=\"show-comments\">| <a href=\"https:\/\/it-xperts.gmbh\/home\/2017\/03\/02\/referenz-lotto-hessen-200-user\/#respond\">No Comments<\/a><\/span>\n<\/div>\n\t            \t<div class=\"entry-content post-excerpt\">\n\t\t\t\t\t<p>Das Unternehmen: LOTTO Hessen GmbH Web: www.lotto-hessen.de Branche: Dienstleistungen Hauptsitz: Wiesbaden, Deutschland Kundenfeedback:\u201eMit 8MAN haben wir nicht nur eine bessere Kontrolle, sondern auch eine automatische Protokollierung und k\u00f6nnen bei Pr\u00fcfungen zeitaktuell nachweisen, dass die teilweise sicherheitskritischen Anforderungen in angemessener Form &hellip; <a href=\"https:\/\/it-xperts.gmbh\/home\/2017\/03\/02\/referenz-lotto-hessen-200-user\/\">Read More<\/a><\/p>\n                <\/div>\n\t\t\t\t<div class=\"date-meta\">\n    <i class=\"xs-icon fa fa-calendar-o\"><\/i>\n    <time class=\"published\" datetime=\"2017-03-02T04:45:18+01:00\">2. M\u00e4rz 2017<\/time>\n    <span class=\"is-sticky\">Featured Post<\/span>\n<\/div><\/div>\n                                <\/div>\n\n                                                                                            <div class=\"mas-blog-post col-sm-6 col-md-4 post-152 post type-post status-publish format-standard has-post-thumbnail hentry category-access-rights-manager category-arm\">\n                                        \t\t<a href=\"https:\/\/it-xperts.gmbh\/home\/2016\/03\/02\/referenz-intermed\/\">\n\t\t\t<img loading=\"lazy\" decoding=\"async\" width=\"200\" height=\"200\" src=\"https:\/\/it-xperts.gmbh\/wp-content\/uploads\/2016\/03\/intermed.png\" class=\"img-responsive wp-post-image\" alt=\"\" srcset=\"https:\/\/it-xperts.gmbh\/wp-content\/uploads\/2016\/03\/intermed.png 200w, https:\/\/it-xperts.gmbh\/wp-content\/uploads\/2016\/03\/intermed-150x150.png 150w, https:\/\/it-xperts.gmbh\/wp-content\/uploads\/2016\/03\/intermed-100x100.png 100w, https:\/\/it-xperts.gmbh\/wp-content\/uploads\/2016\/03\/intermed-80x80.png 80w\" sizes=\"auto, (max-width: 200px) 100vw, 200px\" \/>    \t<\/a>\n    <div class=\"post-inner\">\n\n        <h3 class=\"post-title\"><a href=\"https:\/\/it-xperts.gmbh\/home\/2016\/03\/02\/referenz-intermed\/\">Referenz | Intermed Service GmbH &#038; Co. KG<\/a><\/h3>\n    \t<div class=\"post-meta\">\n\t<span class=\"show-author\">Posted by <a href=\"https:\/\/it-xperts.gmbh\/home\/author\/wpadmin\/\" title=\"Beitr\u00e4ge von wpadmin\" rel=\"author\">wpadmin<\/a><\/span> <span class=\"show-comments\">| <a href=\"https:\/\/it-xperts.gmbh\/home\/2016\/03\/02\/referenz-intermed\/#respond\">No Comments<\/a><\/span>\n<\/div>\n\t\t<div class=\"date-meta\">\n    <i class=\"xs-icon fa fa-calendar-o\"><\/i>\n    <time class=\"published\" datetime=\"2016-03-02T04:44:47+01:00\">2. M\u00e4rz 2016<\/time>\n    <span class=\"is-sticky\">Featured Post<\/span>\n<\/div><\/div>\n                                <\/div>\n\n                                                                                            <div class=\"mas-blog-post col-sm-6 col-md-4 post-149 post type-post status-publish format-standard has-post-thumbnail hentry category-access-rights-manager category-arm tag-access-rights-manager\">\n                                        \t\t<a href=\"https:\/\/it-xperts.gmbh\/home\/2015\/03\/02\/referenz-bauaemter-bayern-6000-user\/\">\n\t\t\t<img loading=\"lazy\" decoding=\"async\" width=\"122\" height=\"162\" src=\"https:\/\/it-xperts.gmbh\/wp-content\/uploads\/2015\/03\/bauamt.png\" class=\"img-responsive wp-post-image\" alt=\"\" srcset=\"https:\/\/it-xperts.gmbh\/wp-content\/uploads\/2015\/03\/bauamt.png 122w, https:\/\/it-xperts.gmbh\/wp-content\/uploads\/2015\/03\/bauamt-75x100.png 75w, https:\/\/it-xperts.gmbh\/wp-content\/uploads\/2015\/03\/bauamt-60x80.png 60w\" sizes=\"auto, (max-width: 122px) 100vw, 122px\" \/>    \t<\/a>\n    <div class=\"post-inner\">\n\n        <h3 class=\"post-title\"><a href=\"https:\/\/it-xperts.gmbh\/home\/2015\/03\/02\/referenz-bauaemter-bayern-6000-user\/\">Referenz Bau\u00e4mter Bayern | 6000 User<\/a><\/h3>\n    \t<div class=\"post-meta\">\n\t<span class=\"show-author\">Posted by <a href=\"https:\/\/it-xperts.gmbh\/home\/author\/wpadmin\/\" title=\"Beitr\u00e4ge von wpadmin\" rel=\"author\">wpadmin<\/a><\/span> <span class=\"show-comments\">| <a href=\"https:\/\/it-xperts.gmbh\/home\/2015\/03\/02\/referenz-bauaemter-bayern-6000-user\/#respond\">No Comments<\/a><\/span>\n<\/div>\n\t\t<div class=\"date-meta\">\n    <i class=\"xs-icon fa fa-calendar-o\"><\/i>\n    <time class=\"published\" datetime=\"2015-03-02T04:47:07+01:00\">2. M\u00e4rz 2015<\/time>\n    <span class=\"is-sticky\">Featured Post<\/span>\n<\/div><\/div>\n                                <\/div>\n\n                                                                                            <div class=\"mas-blog-post col-sm-6 col-md-4 post-150 post type-post status-publish format-standard has-post-thumbnail hentry category-access-rights-manager category-arm\">\n                                        \t\t<a href=\"https:\/\/it-xperts.gmbh\/home\/2015\/03\/02\/referenz-physikalisch-technische-bundesanstalt-4000-user\/\">\n\t\t\t<img loading=\"lazy\" decoding=\"async\" width=\"287\" height=\"176\" src=\"https:\/\/it-xperts.gmbh\/wp-content\/uploads\/2015\/03\/ptbpng.png\" class=\"img-responsive wp-post-image\" alt=\"\" srcset=\"https:\/\/it-xperts.gmbh\/wp-content\/uploads\/2015\/03\/ptbpng.png 287w, https:\/\/it-xperts.gmbh\/wp-content\/uploads\/2015\/03\/ptbpng-163x100.png 163w, https:\/\/it-xperts.gmbh\/wp-content\/uploads\/2015\/03\/ptbpng-130x80.png 130w\" sizes=\"auto, (max-width: 287px) 100vw, 287px\" \/>    \t<\/a>\n    <div class=\"post-inner\">\n\n        <h3 class=\"post-title\"><a href=\"https:\/\/it-xperts.gmbh\/home\/2015\/03\/02\/referenz-physikalisch-technische-bundesanstalt-4000-user\/\">Referenz | Physikalisch Technische Bundesanstalt 4000 User<\/a><\/h3>\n    \t<div class=\"post-meta\">\n\t<span class=\"show-author\">Posted by <a href=\"https:\/\/it-xperts.gmbh\/home\/author\/wpadmin\/\" title=\"Beitr\u00e4ge von wpadmin\" rel=\"author\">wpadmin<\/a><\/span> <span class=\"show-comments\">| <a href=\"https:\/\/it-xperts.gmbh\/home\/2015\/03\/02\/referenz-physikalisch-technische-bundesanstalt-4000-user\/#respond\">No Comments<\/a><\/span>\n<\/div>\n\t\t<div class=\"date-meta\">\n    <i class=\"xs-icon fa fa-calendar-o\"><\/i>\n    <time class=\"published\" datetime=\"2015-03-02T04:46:18+01:00\">2. M\u00e4rz 2015<\/time>\n    <span class=\"is-sticky\">Featured Post<\/span>\n<\/div><\/div>\n                                <\/div>\n\n                                                                                            <div class=\"mas-blog-post col-sm-6 col-md-4 post-161 post type-post status-publish format-standard has-post-thumbnail sticky hentry category-access-rights-manager category-arm category-password-safe tag-referenz-orwo\">\n                                        \t\t<a href=\"https:\/\/it-xperts.gmbh\/home\/2015\/01\/01\/referenz-orwo\/\">\n\t\t\t<img loading=\"lazy\" decoding=\"async\" width=\"203\" height=\"100\" src=\"https:\/\/it-xperts.gmbh\/wp-content\/uploads\/2022\/09\/logo_orwonet.png\" class=\"img-responsive wp-post-image\" alt=\"\" srcset=\"https:\/\/it-xperts.gmbh\/wp-content\/uploads\/2022\/09\/logo_orwonet.png 203w, https:\/\/it-xperts.gmbh\/wp-content\/uploads\/2022\/09\/logo_orwonet-162x80.png 162w\" sizes=\"auto, (max-width: 203px) 100vw, 203px\" \/>    \t<\/a>\n    <div class=\"post-inner\">\n\n        <h3 class=\"post-title\"><a href=\"https:\/\/it-xperts.gmbh\/home\/2015\/01\/01\/referenz-orwo\/\">Referenz Orwo<\/a><\/h3>\n    \t<div class=\"post-meta\">\n\t<span class=\"show-author\">Posted by <a href=\"https:\/\/it-xperts.gmbh\/home\/author\/wpadmin\/\" title=\"Beitr\u00e4ge von wpadmin\" rel=\"author\">wpadmin<\/a><\/span> <span class=\"show-comments\">| <a href=\"https:\/\/it-xperts.gmbh\/home\/2015\/01\/01\/referenz-orwo\/#respond\">No Comments<\/a><\/span>\n<\/div>\n\t            \t<div class=\"entry-content post-excerpt\">\n\t\t\t\t\t<p>&#8222;Der Access Rights Manager (fr\u00fcher 8MAN) ist ein herausragendes Produkt unseren Fileserver zu strukturieren, wir sind sehr zufrieden mit dem Projektverlauf&#8220;<\/p>\n                <\/div>\n\t\t\t\t<div class=\"date-meta\">\n    <i class=\"xs-icon fa fa-calendar-o\"><\/i>\n    <time class=\"published\" datetime=\"2015-01-01T17:43:12+01:00\">1. Januar 2015<\/time>\n    <span class=\"is-sticky\">Featured Post<\/span>\n<\/div><\/div>\n                                <\/div>\n\n                                                    <\/div>\n                                            <\/section>\n\n                    \t\t<\/div>\n\t\t\t\t<\/div>\n\t\t\t\t<div class=\"elementor-element elementor-element-48r7spq elementor-widget elementor-widget-spacer\" data-id=\"48r7spq\" data-element_type=\"widget\" data-widget_type=\"spacer.default\">\n\t\t\t\t<div class=\"elementor-widget-container\">\n\t\t\t\t\t<div class=\"elementor-spacer\">\n\t\t\t<div class=\"elementor-spacer-inner\"><\/div>\n\t\t<\/div>\n\t\t\t\t<\/div>\n\t\t\t\t<\/div>\n\t\t\t\t\t\t<\/div>\n\t\t\t\t\t<\/div>\n\t\t<\/div>\n\t\t\t\t\t\t\t\t<\/div>\n\t\t\t\t\t<\/div>\n\t\t<\/section>\n\t\t\t\t\t\t\t\t\t<\/div>\n\t\t\t<\/div>\n\t\t\t\t\t<\/div>\n\t\t","protected":false},"excerpt":{"rendered":"<p>Vertrauen\/Referenzen Ohne Vertrauen keine Wertsch\u00f6pfung. Hello world! Posted by wpadmin | 1 Comment Welcome to WordPress. This is your first post. Edit or delete it, then start writing! 23. September 2022 Featured Post Effective Product Promo Videos Posted by wpadmin &hellip; <a href=\"https:\/\/it-xperts.gmbh\/home\/2015\/01\/01\/referenz-orwo\/\">Read More<\/a><\/p>\n","protected":false},"author":1,"featured_media":0,"parent":0,"menu_order":6,"comment_status":"closed","ping_status":"closed","template":"","meta":{"om_disable_all_campaigns":false,"_monsterinsights_skip_tracking":false,"_monsterinsights_sitenote_active":false,"_monsterinsights_sitenote_note":"","_monsterinsights_sitenote_category":0,"footnotes":""},"class_list":["post-215","page","type-page","status-publish","hentry"],"aioseo_notices":[],"_links":{"self":[{"href":"https:\/\/it-xperts.gmbh\/home\/wp-json\/wp\/v2\/pages\/215","targetHints":{"allow":["GET"]}}],"collection":[{"href":"https:\/\/it-xperts.gmbh\/home\/wp-json\/wp\/v2\/pages"}],"about":[{"href":"https:\/\/it-xperts.gmbh\/home\/wp-json\/wp\/v2\/types\/page"}],"author":[{"embeddable":true,"href":"https:\/\/it-xperts.gmbh\/home\/wp-json\/wp\/v2\/users\/1"}],"replies":[{"embeddable":true,"href":"https:\/\/it-xperts.gmbh\/home\/wp-json\/wp\/v2\/comments?post=215"}],"version-history":[{"count":4,"href":"https:\/\/it-xperts.gmbh\/home\/wp-json\/wp\/v2\/pages\/215\/revisions"}],"predecessor-version":[{"id":735,"href":"https:\/\/it-xperts.gmbh\/home\/wp-json\/wp\/v2\/pages\/215\/revisions\/735"}],"wp:attachment":[{"href":"https:\/\/it-xperts.gmbh\/home\/wp-json\/wp\/v2\/media?parent=215"}],"curies":[{"name":"wp","href":"https:\/\/api.w.org\/{rel}","templated":true}]}}